{"id":22,"date":"2022-03-06T19:31:28","date_gmt":"2022-03-06T19:31:28","guid":{"rendered":"https:\/\/tt-dah.de\/?page_id=22"},"modified":"2025-08-18T20:00:11","modified_gmt":"2025-08-18T20:00:11","slug":"ueber-uns","status":"publish","type":"page","link":"https:\/\/theatertage-dachau.de\/?page_id=22","title":{"rendered":"\u00dcber uns"},"content":{"rendered":"\n<p style=\"font-size:22px\"><small>Der Verein &#8222;TheaterTage Dachau e.V.&#8220;&nbsp;wurde 1999 von Frank Striegler und weiteren, mit dem Ziel das Kinder- und Jugendtheater in Dachau zu f\u00f6rdern, gegr\u00fcndet. Dabei sollen Kinder- und Jugendliche sowie deren Eltern an Musik und insbesondere Theater herangef\u00fchrt werden und ihr Verst\u00e4ndnis f\u00fcr diese Kulturformen gef\u00f6rdert werden. Dies ist nur aufgrund unserer zahlreichen passiven &nbsp;und ca. 20 aktiven Mitgliedern m\u00f6glich, die bereits weit vor den eigentlichen Veranstaltungen sich um die Organisation k\u00fcmmern, sodass im November alles reibungslos &#8222;\u00fcber die B\u00fchne geht&#8220;. Wir hoffen wir k\u00f6nnen Sie auch dieses Jahr mit der K\u00fcnstler- und Veranstaltungsauswahl \u00fcberzeugen und freuen uns auf Ihren Besuch.<\/small><\/p>\n\n\n\n<p><\/p>\n\n\n\n<h3 class=\"wp-block-heading\" id=\"Vorwort\">Vorwort zu den TheaterTagen 2025<\/h3>\n\n\n\n<p>f\u00fcr Kinder, Jugendliche und Erwachsene.<\/p>\n\n\n\n<p>Mit den Dachauer Theatertagen 2025 bieten wir&nbsp;Ihnen wieder eine spannende Mischung ausgew\u00e4hlter St\u00fccke f\u00fcr Kinder, Jugendliche und Erwachsene.&nbsp;Wir starten mit Puppenclownerei und der Lebensgeschichte des Komponisten Anton&nbsp;Bruckner (eine Inszenierung&nbsp;mit Livemusik vom Spring String Quartett aus Linz) und beenden das Festival mit unserer legend\u00e4ren Tier-WG aus Berlin.&nbsp;Eines&nbsp;haben&nbsp;alle&nbsp;unsere&nbsp;Auff\u00fchrungen gemeinsam. Sie geh\u00f6ren zum Besten, was im Bereich Kinder-\/Jugend- und Erwachsenentheater auf&nbsp;deutschen&nbsp;B\u00fchnen zu sehen ist.&nbsp;<\/p>\n\n\n\n<p>Trotz steigender Kosten&nbsp;haben wir uns&nbsp;entschieden,&nbsp;die Eintrittspreise bei den Kindervorstellungen nicht anzuheben, sodass die TheaterTage weiterhin ein Familienerlebnis sein k\u00f6nnen. Dies ist unter anderem&nbsp;durch die&nbsp;solide&nbsp;finanzielle Unterst\u00fctzung der Stadt Dachau, des Landkreises, des Bezirks Oberbayern, sowie unserer loyalen Sponsoren&nbsp;und den F\u00f6rdermitgliedern unseres Vereins&nbsp;zu gew\u00e4hrleisten.&nbsp;Daf\u00fcr m\u00f6chten wir uns herzlichst bedanken.<\/p>\n\n\n\n<p>Und jeder, der m\u00f6chte, kann uns mit einem geringen Jahresbeitrag&nbsp;gern unterst\u00fctzen. Als F\u00f6rdermitglied helfen Sie uns&nbsp;ungemein, auch in Zukunft die Theatertage veranstalten zu k\u00f6nnen.<\/p>\n\n\n\n<p>Wir freuen&nbsp;uns Sie als Besucher begr\u00fc\u00dfen zu d\u00fcrfen!<\/p>\n\n\n\n<p>Christine Albrecht, Frank Striegler und das Team der TheaterTage<\/p>\n","protected":false},"excerpt":{"rendered":"<p>Der Verein &#8222;TheaterTage Dachau e.V.&#8220;&nbsp;wurde 1999 von Frank Striegler und weiteren, mit dem Ziel das Kinder- und Jugendtheater in Dachau zu f\u00f6rdern, gegr\u00fcndet. Dabei sollen Kinder- und Jugendliche sowie deren Eltern an Musik und insbesondere Theater herangef\u00fchrt werden und ihr Verst\u00e4ndnis f\u00fcr diese Kulturformen gef\u00f6rdert werden. Dies ist nur aufgrund unserer zahlreichen passiven &nbsp;und ca.&hellip;&nbsp;<a href=\"https:\/\/theatertage-dachau.de\/?page_id=22\" class=\"\" rel=\"bookmark\">Weiterlesen &raquo;<span class=\"screen-reader-text\">\u00dcber uns<\/span><\/a><\/p>\n","protected":false},"author":1,"featured_media":0,"parent":0,"menu_order":0,"comment_status":"closed","ping_status":"closed","template":"","meta":{"neve_meta_sidebar":"","neve_meta_container":"","neve_meta_enable_content_width":"","neve_meta_content_width":0,"neve_meta_title_alignment":"","neve_meta_author_avatar":"","neve_post_elements_order":"","neve_meta_disable_header":"","neve_meta_disable_footer":"","neve_meta_disable_title":"","footnotes":""},"class_list":["post-22","page","type-page","status-publish","hentry"],"_links":{"self":[{"href":"https:\/\/theatertage-dachau.de\/index.php?rest_route=\/wp\/v2\/pages\/22","targetHints":{"allow":["GET"]}}],"collection":[{"href":"https:\/\/theatertage-dachau.de\/index.php?rest_route=\/wp\/v2\/pages"}],"about":[{"href":"https:\/\/theatertage-dachau.de\/index.php?rest_route=\/wp\/v2\/types\/page"}],"author":[{"embeddable":true,"href":"https:\/\/theatertage-dachau.de\/index.php?rest_route=\/wp\/v2\/users\/1"}],"replies":[{"embeddable":true,"href":"https:\/\/theatertage-dachau.de\/index.php?rest_route=%2Fwp%2Fv2%2Fcomments&post=22"}],"version-history":[{"count":10,"href":"https:\/\/theatertage-dachau.de\/index.php?rest_route=\/wp\/v2\/pages\/22\/revisions"}],"predecessor-version":[{"id":820,"href":"https:\/\/theatertage-dachau.de\/index.php?rest_route=\/wp\/v2\/pages\/22\/revisions\/820"}],"wp:attachment":[{"href":"https:\/\/theatertage-dachau.de\/index.php?rest_route=%2Fwp%2Fv2%2Fmedia&parent=22"}],"curies":[{"name":"wp","href":"https:\/\/api.w.org\/{rel}","templated":true}]}}