{"id":24,"date":"2022-03-06T19:30:52","date_gmt":"2022-03-06T19:30:52","guid":{"rendered":"https:\/\/tt-dah.de\/?page_id=24"},"modified":"2025-02-18T20:45:16","modified_gmt":"2025-02-18T20:45:16","slug":"mitglied-werden","status":"publish","type":"page","link":"https:\/\/theatertage-dachau.de\/?page_id=24","title":{"rendered":"Mitglied werden"},"content":{"rendered":"\n<div class=\"wp-block-buttons is-layout-flex wp-block-buttons-is-layout-flex\">\n<div class=\"wp-block-button is-style-primary\"><a class=\"wp-block-button__link has-neve-link-hover-color-background-color has-background wp-element-button\" href=\"#Mitgliedsantrag\">Ja, ich m\u00f6chte Mitglied werden<\/a><\/div>\n<\/div>\n\n\n\n<p><\/p>\n\n\n\n<h4 class=\"wp-block-heading\">Vorteile einer Mitgliedschaft<\/h4>\n\n\n\n<ul class=\"wp-block-list\">\n<li><strong>Unterst\u00fctzung<\/strong> eines engagierten Kulturprojekts<\/li>\n\n\n\n<li>Kartenbestellung <strong>vor<\/strong> Beginn des Vorverkaufs<\/li>\n\n\n\n<li><strong>Kostenloser<\/strong> Erhalt des aktuellen Programms per Post<\/li>\n<\/ul>\n\n\n\n<p><\/p>\n\n\n\n<h4 class=\"wp-block-heading\">Auszug aus der Vereinssatzung<\/h4>\n\n\n\n<p><strong>\u00a7 2 ZWECK<\/strong><\/p>\n\n\n\n<ol class=\"wp-block-list\">\n<li>Zweck des Vereins ist die F\u00f6rderung von Kunst und Kultur.<\/li>\n\n\n\n<li>Der Zweck des Vereins ist die F\u00f6rderung des Kinder- und Jugendtheaters in Dachau. Dabei sollen vorwiegend Kinder und Jugendliche sowie deren Eltern an Musik und insbesondere Theater herangef\u00fchrt werden und ihr Verst\u00e4ndnis f\u00fcr diese Darstellungsformen gef\u00f6rdert werden.<\/li>\n\n\n\n<li>Der Verein strebt diese Ziele an durch:\n<ol class=\"wp-block-list\">\n<li>die Planung und Durchf\u00fchrung (Veranstaltung) von Theater- und Musikauff\u00fchrungen f\u00fcr Kinder, Jugendliche sowie deren Eltern.<\/li>\n\n\n\n<li>die Planung und Durchf\u00fchrung (Veranstaltung) von Workshops f\u00fcrKinder und Jugendliche, bei denen sie unter Anleitung von K\u00fcnstlern ihre Talente und Fertigkeiten bez\u00fcglich des Theaters durch eigene Mitwirkung erkennen und vertiefen k\u00f6nnen.<\/li>\n\n\n\n<li>der Verein kann auch mit anderen, in diesem Bereich des Kinder- und Jugendtheaters t\u00e4tigen Initiativen zusammenarbeiten.<\/li>\n<\/ol>\n<\/li>\n\n\n\n<li>Aufgabe des Vereins ist hierzu auch die Beschaffung von Finanzmitteln wie Zusch\u00fcssen, Zuwendungen und Spenden, Einnahmen aus Mitgliedsbeitr\u00e4gen.<\/li>\n<\/ol>\n\n\n\n<p><a href=\"https:\/\/theatertage-dachau.de\/?page_id=20\">Die vollst\u00e4ndige Vereinssatzung finden Sie hier.<\/a><\/p>\n\n\n\n<p><strong>Unsere Postanschrift hat sich ge\u00e4ndert. Bitte schicken sie den ausgef\u00fcllten Antrag an folgende Adresse:<\/strong> TheaterTage Dachau e.V. \/ Christine Albrecht; Martin-Huber-Stra\u00dfe 5; 85221 Dachau<\/p>\n\n\n\n<p><\/p>\n\n\n\n<p><\/p>\n\n\n\n<h4 class=\"wp-block-heading\" id=\"Mitgliedsantrag\">Mitgliedsantrag<\/h4>\n\n\n\n<div data-wp-interactive=\"core\/file\" class=\"wp-block-file\"><object data-wp-bind--hidden=\"!state.hasPdfPreview\" hidden class=\"wp-block-file__embed\" data=\"https:\/\/theatertage-dachau.de\/wp-content\/uploads\/2025\/02\/Mitgliedsantrag.pdf\" type=\"application\/pdf\" style=\"width:100%;height:1120px\" aria-label=\"Einbettung von Mitgliedsantrag.\"><\/object><a id=\"wp-block-file--media-c41b69d2-c8b9-4076-8ae0-7dfb50f09284\" href=\"https:\/\/theatertage-dachau.de\/wp-content\/uploads\/2025\/02\/Mitgliedsantrag.pdf\">Mitgliedsantrag<\/a><a href=\"https:\/\/theatertage-dachau.de\/wp-content\/uploads\/2025\/02\/Mitgliedsantrag.pdf\" class=\"wp-block-file__button wp-element-button\" download aria-describedby=\"wp-block-file--media-c41b69d2-c8b9-4076-8ae0-7dfb50f09284\">Herunterladen<\/a><\/div>\n\n\n\n<p><em>Bitte senden Sie den ausgef\u00fcllten und unterschriebenen Vertrag an<\/em><\/p>\n\n\n\n<p><em>TheaterTage Dachau e.V.<\/em>\/Christine Albrecht<br>Martin-Huber-Stra\u00dfe 5<br><em>85221 Dachau<\/em><\/p>\n","protected":false},"excerpt":{"rendered":"<p>Vorteile einer Mitgliedschaft Auszug aus der Vereinssatzung \u00a7 2 ZWECK Die vollst\u00e4ndige Vereinssatzung finden Sie hier. Unsere Postanschrift hat sich ge\u00e4ndert. Bitte schicken sie den ausgef\u00fcllten Antrag an folgende Adresse: TheaterTage Dachau e.V. \/ Christine Albrecht; Martin-Huber-Stra\u00dfe 5; 85221 Dachau Mitgliedsantrag Bitte senden Sie den ausgef\u00fcllten und unterschriebenen Vertrag an TheaterTage Dachau e.V.\/Christine AlbrechtMartin-Huber-Stra\u00dfe 585221&hellip;&nbsp;<a href=\"https:\/\/theatertage-dachau.de\/?page_id=24\" class=\"\" rel=\"bookmark\">Weiterlesen &raquo;<span class=\"screen-reader-text\">Mitglied werden<\/span><\/a><\/p>\n","protected":false},"author":1,"featured_media":0,"parent":0,"menu_order":0,"comment_status":"closed","ping_status":"closed","template":"","meta":{"neve_meta_sidebar":"","neve_meta_container":"","neve_meta_enable_content_width":"","neve_meta_content_width":0,"neve_meta_title_alignment":"","neve_meta_author_avatar":"","neve_post_elements_order":"","neve_meta_disable_header":"","neve_meta_disable_footer":"","neve_meta_disable_title":"","footnotes":""},"class_list":["post-24","page","type-page","status-publish","hentry"],"_links":{"self":[{"href":"https:\/\/theatertage-dachau.de\/index.php?rest_route=\/wp\/v2\/pages\/24","targetHints":{"allow":["GET"]}}],"collection":[{"href":"https:\/\/theatertage-dachau.de\/index.php?rest_route=\/wp\/v2\/pages"}],"about":[{"href":"https:\/\/theatertage-dachau.de\/index.php?rest_route=\/wp\/v2\/types\/page"}],"author":[{"embeddable":true,"href":"https:\/\/theatertage-dachau.de\/index.php?rest_route=\/wp\/v2\/users\/1"}],"replies":[{"embeddable":true,"href":"https:\/\/theatertage-dachau.de\/index.php?rest_route=%2Fwp%2Fv2%2Fcomments&post=24"}],"version-history":[{"count":10,"href":"https:\/\/theatertage-dachau.de\/index.php?rest_route=\/wp\/v2\/pages\/24\/revisions"}],"predecessor-version":[{"id":764,"href":"https:\/\/theatertage-dachau.de\/index.php?rest_route=\/wp\/v2\/pages\/24\/revisions\/764"}],"wp:attachment":[{"href":"https:\/\/theatertage-dachau.de\/index.php?rest_route=%2Fwp%2Fv2%2Fmedia&parent=24"}],"curies":[{"name":"wp","href":"https:\/\/api.w.org\/{rel}","templated":true}]}}