{"id":32,"date":"2022-03-06T19:29:13","date_gmt":"2022-03-06T19:29:13","guid":{"rendered":"https:\/\/tt-dah.de\/?page_id=32"},"modified":"2025-11-11T16:04:16","modified_gmt":"2025-11-11T16:04:16","slug":"tickets","status":"publish","type":"page","link":"https:\/\/theatertage-dachau.de\/?page_id=32","title":{"rendered":"Tickets"},"content":{"rendered":"\n<p class=\"has-medium-font-size\">Der Vorverkauf f\u00fcr 2025 ist online!<\/p>\n\n\n\n<p>Ab dem 12.10.2025 um 10 Uhr k\u00f6nnen Tickets bei Ticketino (zzgl. VV-geb\u00fchr) erworben werden.<\/p>\n\n\n\n<p>W\u00e4hrend des Festivals sind Karten auch an der Tageskasse, wenn die Veranstaltungen gr\u00fcn oder gelb markiert sind, erh\u00e4ltlich!!!<\/p>\n\n\n\n<p><strong>Ticketino!!!<br><\/strong>Ticketlinks unter <a href=\"https:\/\/theatertage-dachau.de\/?page_id=18\" data-type=\"page\" data-id=\"18\">Veranstaltungen<\/a><\/p>\n\n\n\n<hr class=\"wp-block-separator has-alpha-channel-opacity\"\/>\n\n\n\n<p class=\"has-medium-font-size\">Bitte achten Sie vor allem bei den Kindervorstellungen auf unsere <strong>Altersangaben<\/strong> (Mindestalter). <strong>J\u00fcngere Kinder\/Geschwisterkinder<\/strong> und <strong>S\u00e4uglinge<\/strong> &#8211; egal welchen Alters &#8211; erhalten keinen Einlass. Wir, als Veranstalter, haben uns vertraglich verpflichtet, uns an die Vorgaben der K\u00fcnstler zu halten. Wir bitten um Verst\u00e4ndnis. Gekaufte Karten k\u00f6nnen nicht zur\u00fcckgegeben werden.<\/p>\n\n\n\n<hr class=\"wp-block-separator has-alpha-channel-opacity\"\/>\n\n\n\n<h5 class=\"wp-block-heading\">Tipps f\u00fcr unsere Besucher:innen<\/h5>\n\n\n\n<div class=\"wp-block-columns is-layout-flex wp-container-core-columns-is-layout-9d6595d7 wp-block-columns-is-layout-flex\">\n<div class=\"wp-block-column is-layout-flow wp-block-column-is-layout-flow\">\n<p>Wir achten auf die Einhaltung des angegebenen Mindestalters, damit alle Zuschauer*innen der Handlung folgen k\u00f6nnen.<\/p>\n<\/div>\n\n\n\n<div class=\"wp-block-column is-layout-flow wp-block-column-is-layout-flow\">\n<p>Eine Theaterauff\u00fchrung ist lebendiger und empfindlicher als Kino und Fernsehen. Darum m\u00f6chten wir Sie bitten w\u00e4hrend der Vorstellung nicht zu essen und zu trinken.<\/p>\n<\/div>\n\n\n\n<div class=\"wp-block-column is-layout-flow wp-block-column-is-layout-flow\">\n<p>Bitte kommen Sie rechtzeitig, um die ganze Vorstellung genie\u00dfen zu k\u00f6nnen. Einlass nach Vorstellungsbeginn ist nur unter Vorbehalt m\u00f6glich.<\/p>\n<\/div>\n\n\n\n<div class=\"wp-block-column is-layout-flow wp-block-column-is-layout-flow\">\n<p>Bereits gekaufte Karten k\u00f6nnen nicht zur\u00fcckgenommen werden! Bitte versuchen Sie, falls Sie die Karten nicht selbst nutzen k\u00f6nnen, diese eigenst\u00e4ndig zu verkaufen oder weiterzugeben.<\/p>\n<\/div>\n\n\n\n<div class=\"wp-block-column is-layout-flow wp-block-column-is-layout-flow\">\n<p>Das Fotografieren und Filmen ist w\u00e4hrend der Vorstellung aus urheberrechtlichen Gr\u00fcnden untersagt. Bitte schalten Sie Ihr Mobilger\u00e4t auf stumm (inkl. Vibration).<\/p>\n<\/div>\n<\/div>\n","protected":false},"excerpt":{"rendered":"<p>Der Vorverkauf f\u00fcr 2025 ist online! Ab dem 12.10.2025 um 10 Uhr k\u00f6nnen Tickets bei Ticketino (zzgl. VV-geb\u00fchr) erworben werden. W\u00e4hrend des Festivals sind Karten auch an der Tageskasse, wenn die Veranstaltungen gr\u00fcn oder gelb markiert sind, erh\u00e4ltlich!!! Ticketino!!!Ticketlinks unter Veranstaltungen Bitte achten Sie vor allem bei den Kindervorstellungen auf unsere Altersangaben (Mindestalter). J\u00fcngere Kinder\/Geschwisterkinder&hellip;&nbsp;<a href=\"https:\/\/theatertage-dachau.de\/?page_id=32\" class=\"\" rel=\"bookmark\">Weiterlesen &raquo;<span class=\"screen-reader-text\">Tickets<\/span><\/a><\/p>\n","protected":false},"author":1,"featured_media":0,"parent":0,"menu_order":0,"comment_status":"closed","ping_status":"closed","template":"","meta":{"neve_meta_sidebar":"","neve_meta_container":"","neve_meta_enable_content_width":"","neve_meta_content_width":0,"neve_meta_title_alignment":"","neve_meta_author_avatar":"","neve_post_elements_order":"","neve_meta_disable_header":"","neve_meta_disable_footer":"","neve_meta_disable_title":"","footnotes":""},"class_list":["post-32","page","type-page","status-publish","hentry"],"_links":{"self":[{"href":"https:\/\/theatertage-dachau.de\/index.php?rest_route=\/wp\/v2\/pages\/32","targetHints":{"allow":["GET"]}}],"collection":[{"href":"https:\/\/theatertage-dachau.de\/index.php?rest_route=\/wp\/v2\/pages"}],"about":[{"href":"https:\/\/theatertage-dachau.de\/index.php?rest_route=\/wp\/v2\/types\/page"}],"author":[{"embeddable":true,"href":"https:\/\/theatertage-dachau.de\/index.php?rest_route=\/wp\/v2\/users\/1"}],"replies":[{"embeddable":true,"href":"https:\/\/theatertage-dachau.de\/index.php?rest_route=%2Fwp%2Fv2%2Fcomments&post=32"}],"version-history":[{"count":39,"href":"https:\/\/theatertage-dachau.de\/index.php?rest_route=\/wp\/v2\/pages\/32\/revisions"}],"predecessor-version":[{"id":880,"href":"https:\/\/theatertage-dachau.de\/index.php?rest_route=\/wp\/v2\/pages\/32\/revisions\/880"}],"wp:attachment":[{"href":"https:\/\/theatertage-dachau.de\/index.php?rest_route=%2Fwp%2Fv2%2Fmedia&parent=32"}],"curies":[{"name":"wp","href":"https:\/\/api.w.org\/{rel}","templated":true}]}}