{"id":4,"date":"2022-03-06T11:53:41","date_gmt":"2022-03-06T11:53:41","guid":{"rendered":"https:\/\/tt-dah.de\/?page_id=4"},"modified":"2026-03-25T20:19:55","modified_gmt":"2026-03-25T20:19:55","slug":"willkommen-auf-https-tt-dah-de","status":"publish","type":"page","link":"https:\/\/theatertage-dachau.de\/","title":{"rendered":"Willkommen bei den TheaterTagen Dachau"},"content":{"rendered":"\n<div style=\"height:100px\" aria-hidden=\"true\" class=\"wp-block-spacer\"><\/div>\n\n\n\n<div class=\"wp-block-columns is-layout-flex wp-container-core-columns-is-layout-9d6595d7 wp-block-columns-is-layout-flex\">\n<div class=\"wp-block-column is-layout-flow wp-block-column-is-layout-flow\">\n<p class=\"has-large-font-size\">News, News, News!!!<\/p>\n\n\n\n<p>Am 14.4.2026 veranstalten wir zusammen mit dem Runden Tisch gegen Rassismus Dachau e.V. ein St\u00fcck im Ludwig-Thoma-Haus. Im vergangenen Jahr wurde das St\u00fcck &#8222;3 Minuten&#8220; von der Compagnie Nik erfolgreich bei uns aufgef\u00fchrt. Und nun haben wir es nochmal engagiert. Es handelt von Fluchtgeschichten in der Gegenwart und der Vergangenheit. Und diese werden in 3 Minuten erz\u00e4hlt. Aber reichen 3 Minuten daf\u00fcr aus? Lassen sie sich \u00fcberraschen!! Kommen sie am 14.4.2026 um 19 Uhr in das Ludwig-Thoma-Haus! Karten gibt es f\u00fcr 6\u20ac an der Abendkasse oder beim Kreisjugendring Dachau und ist Menschen ab 14 Jahren geeignet. Das St\u00fcck dauert ca. 60 Minuten und danach sind die K\u00fcnstler gerne bereit Fragen zum St\u00fcck zu beantworten.<\/p>\n\n\n\n<p>Weitere Infos zum St\u00fcck finden sie unter: www.theatersatt.de<\/p>\n\n\n\n<p>Weitere Infos zum Runden Tisch gegen Rassismus Dachau e.V. unter: www.dachau-zeigt-zivilcourage.de<\/p>\n\n\n\n<p>Die Planungen f\u00fcr die Theatertage 2026 sind in vollem Gange. Diese finden in diesem Jahr am 16.10.2026, sowie vom 8.11. bis 20.11.2026 statt. Das Programm wird ab Mitte August online gestellt. <\/p>\n\n\n\n<p>Wir freuen uns auf euch!!<\/p>\n<\/div>\n\n\n\n<div class=\"wp-block-column is-layout-flow wp-block-column-is-layout-flow\" style=\"flex-basis:300px\"><div class=\"wp-block-image\">\n<figure class=\"aligncenter size-large is-resized\"><a href=\"https:\/\/www.instagram.com\/theatertage.dah\/\" class=\"broken_link\"><img loading=\"lazy\" decoding=\"async\" width=\"1024\" height=\"1024\" src=\"https:\/\/theatertage-dachau.de\/wp-content\/uploads\/2025\/10\/Instagram_Glyph_Gradient-1024x1024.png\" alt=\"\" class=\"wp-image-854\" style=\"width:78px;height:auto\" srcset=\"https:\/\/theatertage-dachau.de\/wp-content\/uploads\/2025\/10\/Instagram_Glyph_Gradient-1024x1024.png 1024w, https:\/\/theatertage-dachau.de\/wp-content\/uploads\/2025\/10\/Instagram_Glyph_Gradient-300x300.png 300w, https:\/\/theatertage-dachau.de\/wp-content\/uploads\/2025\/10\/Instagram_Glyph_Gradient-150x150.png 150w, https:\/\/theatertage-dachau.de\/wp-content\/uploads\/2025\/10\/Instagram_Glyph_Gradient-768x768.png 768w, https:\/\/theatertage-dachau.de\/wp-content\/uploads\/2025\/10\/Instagram_Glyph_Gradient-1536x1536.png 1536w, https:\/\/theatertage-dachau.de\/wp-content\/uploads\/2025\/10\/Instagram_Glyph_Gradient-2048x2048.png 2048w\" sizes=\"auto, (max-width: 1024px) 100vw, 1024px\" \/><\/a><\/figure>\n<\/div>\n\n\n<p class=\"has-text-align-center has-medium-font-size\">Jetzt auch auf Instagram!<\/p>\n\n\n\n<figure class=\"wp-block-image size-large\"><a href=\"https:\/\/www.instagram.com\/theatertage.dah\/\" class=\"broken_link\"><img loading=\"lazy\" decoding=\"async\" width=\"556\" height=\"1024\" src=\"https:\/\/theatertage-dachau.de\/wp-content\/uploads\/2025\/10\/Bildschirmfoto-2025-10-12-um-12.50.08-556x1024.png\" alt=\"\" class=\"wp-image-860\" srcset=\"https:\/\/theatertage-dachau.de\/wp-content\/uploads\/2025\/10\/Bildschirmfoto-2025-10-12-um-12.50.08-556x1024.png 556w, https:\/\/theatertage-dachau.de\/wp-content\/uploads\/2025\/10\/Bildschirmfoto-2025-10-12-um-12.50.08-163x300.png 163w, https:\/\/theatertage-dachau.de\/wp-content\/uploads\/2025\/10\/Bildschirmfoto-2025-10-12-um-12.50.08-768x1413.png 768w, https:\/\/theatertage-dachau.de\/wp-content\/uploads\/2025\/10\/Bildschirmfoto-2025-10-12-um-12.50.08-835x1536.png 835w, https:\/\/theatertage-dachau.de\/wp-content\/uploads\/2025\/10\/Bildschirmfoto-2025-10-12-um-12.50.08-1113x2048.png 1113w, https:\/\/theatertage-dachau.de\/wp-content\/uploads\/2025\/10\/Bildschirmfoto-2025-10-12-um-12.50.08.png 1290w\" sizes=\"auto, (max-width: 556px) 100vw, 556px\" \/><\/a><\/figure>\n<\/div>\n<\/div>\n\n\n\n<p><strong><em>Lesen Sie das Vorwort der 26. TheaterTage unter <a href=\"https:\/\/theatertage-dachau.de\/?page_id=22\" data-type=\"page\" data-id=\"22\">\u00dcber uns<\/a>.<\/em><\/strong><\/p>\n\n\n\n<p><\/p>\n","protected":false},"excerpt":{"rendered":"<p>News, News, News!!! Am 14.4.2026 veranstalten wir zusammen mit dem Runden Tisch gegen Rassismus Dachau e.V. ein St\u00fcck im Ludwig-Thoma-Haus. Im vergangenen Jahr wurde das St\u00fcck &#8222;3 Minuten&#8220; von der Compagnie Nik erfolgreich bei uns aufgef\u00fchrt. Und nun haben wir es nochmal engagiert. Es handelt von Fluchtgeschichten in der Gegenwart und der Vergangenheit. Und diese&hellip;&nbsp;<a href=\"https:\/\/theatertage-dachau.de\/\" class=\"\" rel=\"bookmark\">Weiterlesen &raquo;<span class=\"screen-reader-text\">Willkommen bei den TheaterTagen Dachau<\/span><\/a><\/p>\n","protected":false},"author":1,"featured_media":0,"parent":0,"menu_order":0,"comment_status":"closed","ping_status":"open","template":"","meta":{"neve_meta_sidebar":"","neve_meta_container":"","neve_meta_enable_content_width":"","neve_meta_content_width":0,"neve_meta_title_alignment":"","neve_meta_author_avatar":"","neve_post_elements_order":"","neve_meta_disable_header":"","neve_meta_disable_footer":"","neve_meta_disable_title":"","footnotes":""},"class_list":["post-4","page","type-page","status-publish","hentry"],"_links":{"self":[{"href":"https:\/\/theatertage-dachau.de\/index.php?rest_route=\/wp\/v2\/pages\/4","targetHints":{"allow":["GET"]}}],"collection":[{"href":"https:\/\/theatertage-dachau.de\/index.php?rest_route=\/wp\/v2\/pages"}],"about":[{"href":"https:\/\/theatertage-dachau.de\/index.php?rest_route=\/wp\/v2\/types\/page"}],"author":[{"embeddable":true,"href":"https:\/\/theatertage-dachau.de\/index.php?rest_route=\/wp\/v2\/users\/1"}],"replies":[{"embeddable":true,"href":"https:\/\/theatertage-dachau.de\/index.php?rest_route=%2Fwp%2Fv2%2Fcomments&post=4"}],"version-history":[{"count":108,"href":"https:\/\/theatertage-dachau.de\/index.php?rest_route=\/wp\/v2\/pages\/4\/revisions"}],"predecessor-version":[{"id":902,"href":"https:\/\/theatertage-dachau.de\/index.php?rest_route=\/wp\/v2\/pages\/4\/revisions\/902"}],"wp:attachment":[{"href":"https:\/\/theatertage-dachau.de\/index.php?rest_route=%2Fwp%2Fv2%2Fmedia&parent=4"}],"curies":[{"name":"wp","href":"https:\/\/api.w.org\/{rel}","templated":true}]}}